{"id":209,"date":"2025-08-05T17:17:02","date_gmt":"2025-08-05T17:17:02","guid":{"rendered":"http:\/\/localhost:10004\/?page_id=209"},"modified":"2025-08-14T13:57:15","modified_gmt":"2025-08-14T13:57:15","slug":"contacto","status":"publish","type":"page","link":"https:\/\/www.bcnbarshow.com\/ca\/contacto\/","title":{"rendered":"CONTACTE"},"content":{"rendered":"<p>[et_pb_section fb_built=\u00bb1&#8243; admin_label=\u00bbsection\u00bb module_id=\u00bbtickets\u00bb _builder_version=\u00bb4.27.4&#8243; background_color=\u00bb#ec1c4e\u00bb background_enable_image=\u00bboff\u00bb background_size=\u00bbcontain\u00bb background_enable_video_mp4=\u00bboff\u00bb custom_padding=\u00bb2vw||5vw||false|false\u00bb bottom_divider_style=\u00bbwave\u00bb bottom_divider_color=\u00bbRGBA(255,255,255,0)\u00bb bottom_divider_height=\u00bb95%\u00bb bottom_divider_repeat=\u00bb1x\u00bb global_colors_info=\u00bb{}\u00bb][et_pb_row _builder_version=\u00bb4.27.4&#8243; _module_preset=\u00bbdefault\u00bb width=\u00bb100%\u00bb max_width=\u00bb75%\u00bb global_colors_info=\u00bb{}\u00bb][et_pb_column type=\u00bb4_4&#8243; _builder_version=\u00bb4.27.4&#8243; _module_preset=\u00bbdefault\u00bb global_colors_info=\u00bb{}\u00bb][et_pb_image src=\u00bbhttps:\/\/www.bcnbarshow.com\/wp-content\/uploads\/2025\/08\/CONTACTE.jpg\u00bb title_text=\u00bbCONTACTE\u00bb _builder_version=\u00bb4.27.4&#8243; _module_preset=\u00bbdefault\u00bb transform_scale_tablet=\u00bb\u00bb transform_scale_phone=\u00bb\u00bb transform_scale_last_edited=\u00bbon|desktop\u00bb transform_translate_tablet=\u00bb\u00bb transform_translate_phone=\u00bb\u00bb transform_translate_last_edited=\u00bbon|desktop\u00bb transform_rotate=\u00bb0deg|0deg|359deg\u00bb transform_rotate_tablet=\u00bb0deg|0deg|359deg\u00bb transform_rotate_phone=\u00bb0deg|0deg|359deg\u00bb transform_rotate_last_edited=\u00bbon|desktop\u00bb transform_skew_tablet=\u00bb\u00bb transform_skew_phone=\u00bb\u00bb transform_skew_last_edited=\u00bbon|desktop\u00bb transform_origin_tablet=\u00bb\u00bb transform_origin_phone=\u00bb\u00bb transform_origin_last_edited=\u00bbon|desktop\u00bb transform_styles_last_edited=\u00bbon|desktop\u00bb transform_styles_tablet=\u00bb\u00bb transform_styles_phone=\u00bb\u00bb global_colors_info=\u00bb{}\u00bb][\/et_pb_image][\/et_pb_column][\/et_pb_row][et_pb_row module_id=\u00bbticketsgood\u00bb _builder_version=\u00bb4.27.4&#8243; _module_preset=\u00bbdefault\u00bb width=\u00bb100%\u00bb max_width=\u00bb75%\u00bb custom_margin=\u00bb-30px||||false|false\u00bb custom_margin_tablet=\u00bb-30px||||false|false\u00bb custom_margin_phone=\u00bb-30px||||false|false\u00bb custom_margin_last_edited=\u00bbon|desktop\u00bb custom_padding=\u00bb1vw||1vw||true|false\u00bb global_colors_info=\u00bb{}\u00bb][et_pb_column type=\u00bb4_4&#8243; _builder_version=\u00bb4.27.4&#8243; _module_preset=\u00bbdefault\u00bb custom_padding=\u00bb1vw||1vw||true|false\u00bb global_colors_info=\u00bb{}\u00bb background__hover_enabled=\u00bbon|hover\u00bb background_color__hover=\u00bb\u00bb background_enable_color__hover=\u00bboff\u00bb][et_pb_text _builder_version=\u00bb4.27.4&#8243; _module_preset=\u00bbdefault\u00bb text_font=\u00bbArchivo||||||||\u00bb text_text_color=\u00bb#FFFFFF\u00bb text_font_size=\u00bb2vw\u00bb text_line_height=\u00bb1em\u00bb width=\u00bb50%\u00bb hover_enabled=\u00bb0&#8243; text_font_size_tablet=\u00bb2vw\u00bb text_font_size_phone=\u00bb3vw\u00bb text_font_size_last_edited=\u00bbon|desktop\u00bb global_colors_info=\u00bb{}\u00bb sticky_enabled=\u00bb0&#8243;]<\/p>\n<p>Tens alguna consulta? No dubteu a contactar-nos. Et contestarem com m\u00e9s aviat millor.<\/p>\n<p>[\/et_pb_text][\/et_pb_column][\/et_pb_row][et_pb_row module_id=\u00bbticketsgood\u00bb _builder_version=\u00bb4.27.4&#8243; _module_preset=\u00bbdefault\u00bb width=\u00bb100%\u00bb max_width=\u00bb75%\u00bb custom_margin=\u00bb-30px||||false|false\u00bb custom_margin_tablet=\u00bb-30px||||false|false\u00bb custom_margin_phone=\u00bb-30px||||false|false\u00bb custom_margin_last_edited=\u00bbon|desktop\u00bb custom_padding=\u00bb1vw||1vw||true|false\u00bb global_colors_info=\u00bb{}\u00bb][et_pb_column type=\u00bb4_4&#8243; _builder_version=\u00bb4.27.4&#8243; _module_preset=\u00bbdefault\u00bb custom_padding=\u00bb1vw||1vw||true|false\u00bb global_colors_info=\u00bb{}\u00bb background__hover_enabled=\u00bbon|hover\u00bb background_color__hover=\u00bb\u00bb background_enable_color__hover=\u00bboff\u00bb][et_pb_contact_form captcha=\u00bboff\u00bb email=\u00bbinfo@bcnbarshow.com\u00bb custom_message=\u00bbEsto es un correo de la web de BBS. El usuario ha escrito esto:||et_pb_line_break_holder||||et_pb_line_break_holder||Nombre: %%Nom%%||et_pb_line_break_holder||Email: %%Email%%||et_pb_line_break_holder||Asunto: %%Asumpte%%||et_pb_line_break_holder||||et_pb_line_break_holder||Mensaje:||et_pb_line_break_holder||%%Asumpte%%\u00bb success_message=\u00bbMoltes gr\u00e0cies per possar-te en contacte amb nosaltres, et contestarem lo m\u00e9s aviat possible.\u00bb submit_button_text=\u00bbEnvia\u00bb _builder_version=\u00bb4.27.4&#8243; _module_preset=\u00bbdefault\u00bb _unique_id=\u00bb4ff10e95-12a3-4aee-900f-bb60ba78a253&#8243; custom_button=\u00bbon\u00bb button_text_color=\u00bb#FFFFFF\u00bb width=\u00bb50%\u00bb hover_enabled=\u00bb0&#8243; global_colors_info=\u00bb{}\u00bb sticky_enabled=\u00bb0&#8243;][et_pb_contact_field field_id=\u00bbNom\u00bb field_title=\u00bbNombre\u00bb fullwidth_field=\u00bbon\u00bb _builder_version=\u00bb4.27.4&#8243; form_field_background_color=\u00bb#FFFFFF\u00bb hover_enabled=\u00bb0&#8243; global_colors_info=\u00bb{}\u00bb button_text_size__hover_enabled=\u00bboff\u00bb button_one_text_size__hover_enabled=\u00bboff\u00bb button_two_text_size__hover_enabled=\u00bboff\u00bb button_text_color__hover_enabled=\u00bboff\u00bb button_one_text_color__hover_enabled=\u00bboff\u00bb button_two_text_color__hover_enabled=\u00bboff\u00bb button_border_width__hover_enabled=\u00bboff\u00bb button_one_border_width__hover_enabled=\u00bboff\u00bb button_two_border_width__hover_enabled=\u00bboff\u00bb button_border_color__hover_enabled=\u00bboff\u00bb button_one_border_color__hover_enabled=\u00bboff\u00bb button_two_border_color__hover_enabled=\u00bboff\u00bb button_border_radius__hover_enabled=\u00bboff\u00bb button_one_border_radius__hover_enabled=\u00bboff\u00bb button_two_border_radius__hover_enabled=\u00bboff\u00bb button_letter_spacing__hover_enabled=\u00bboff\u00bb button_one_letter_spacing__hover_enabled=\u00bboff\u00bb button_two_letter_spacing__hover_enabled=\u00bboff\u00bb button_bg_color__hover_enabled=\u00bboff\u00bb button_one_bg_color__hover_enabled=\u00bboff\u00bb button_two_bg_color__hover_enabled=\u00bboff\u00bb sticky_enabled=\u00bb0&#8243;][\/et_pb_contact_field][et_pb_contact_field field_id=\u00bbEmail\u00bb field_title=\u00bbEmail\u00bb field_type=\u00bbemail\u00bb fullwidth_field=\u00bbon\u00bb _builder_version=\u00bb4.27.4&#8243; form_field_background_color=\u00bb#FFFFFF\u00bb hover_enabled=\u00bb0&#8243; global_colors_info=\u00bb{}\u00bb button_text_size__hover_enabled=\u00bboff\u00bb button_one_text_size__hover_enabled=\u00bboff\u00bb button_two_text_size__hover_enabled=\u00bboff\u00bb button_text_color__hover_enabled=\u00bboff\u00bb button_one_text_color__hover_enabled=\u00bboff\u00bb button_two_text_color__hover_enabled=\u00bboff\u00bb button_border_width__hover_enabled=\u00bboff\u00bb button_one_border_width__hover_enabled=\u00bboff\u00bb button_two_border_width__hover_enabled=\u00bboff\u00bb button_border_color__hover_enabled=\u00bboff\u00bb button_one_border_color__hover_enabled=\u00bboff\u00bb button_two_border_color__hover_enabled=\u00bboff\u00bb button_border_radius__hover_enabled=\u00bboff\u00bb button_one_border_radius__hover_enabled=\u00bboff\u00bb button_two_border_radius__hover_enabled=\u00bboff\u00bb button_letter_spacing__hover_enabled=\u00bboff\u00bb button_one_letter_spacing__hover_enabled=\u00bboff\u00bb button_two_letter_spacing__hover_enabled=\u00bboff\u00bb button_bg_color__hover_enabled=\u00bboff\u00bb button_one_bg_color__hover_enabled=\u00bboff\u00bb button_two_bg_color__hover_enabled=\u00bboff\u00bb sticky_enabled=\u00bb0&#8243;][\/et_pb_contact_field][et_pb_contact_field field_id=\u00bbAsumpte\u00bb field_title=\u00bbAsunto\u00bb fullwidth_field=\u00bbon\u00bb _builder_version=\u00bb4.27.4&#8243; _module_preset=\u00bbdefault\u00bb form_field_background_color=\u00bb#FFFFFF\u00bb hover_enabled=\u00bb0&#8243; global_colors_info=\u00bb{}\u00bb sticky_enabled=\u00bb0&#8243;][\/et_pb_contact_field][et_pb_contact_field field_id=\u00bbMissatge\u00bb field_title=\u00bbMensaje\u00bb field_type=\u00bbtext\u00bb fullwidth_field=\u00bbon\u00bb _builder_version=\u00bb4.27.4&#8243; form_field_background_color=\u00bb#FFFFFF\u00bb hover_enabled=\u00bb0&#8243; global_colors_info=\u00bb{}\u00bb button_text_size__hover_enabled=\u00bboff\u00bb button_one_text_size__hover_enabled=\u00bboff\u00bb button_two_text_size__hover_enabled=\u00bboff\u00bb button_text_color__hover_enabled=\u00bboff\u00bb button_one_text_color__hover_enabled=\u00bboff\u00bb button_two_text_color__hover_enabled=\u00bboff\u00bb button_border_width__hover_enabled=\u00bboff\u00bb button_one_border_width__hover_enabled=\u00bboff\u00bb button_two_border_width__hover_enabled=\u00bboff\u00bb button_border_color__hover_enabled=\u00bboff\u00bb button_one_border_color__hover_enabled=\u00bboff\u00bb button_two_border_color__hover_enabled=\u00bboff\u00bb button_border_radius__hover_enabled=\u00bboff\u00bb button_one_border_radius__hover_enabled=\u00bboff\u00bb button_two_border_radius__hover_enabled=\u00bboff\u00bb button_letter_spacing__hover_enabled=\u00bboff\u00bb button_one_letter_spacing__hover_enabled=\u00bboff\u00bb button_two_letter_spacing__hover_enabled=\u00bboff\u00bb button_bg_color__hover_enabled=\u00bboff\u00bb button_one_bg_color__hover_enabled=\u00bboff\u00bb button_two_bg_color__hover_enabled=\u00bboff\u00bb sticky_enabled=\u00bb0&#8243;][\/et_pb_contact_field][et_pb_contact_field field_id=\u00bbPrivacidad\u00bb field_title=\u00bb \u00bb field_type=\u00bbcheckbox\u00bb checkbox_options=\u00bb%91{%22value%22:%22He leido y acepto la Pol\u00edtica de Privacidad%22,%22checked%22:0,%22dragID%22:-1}%93&#8243; fullwidth_field=\u00bbon\u00bb _builder_version=\u00bb4.27.4&#8243; _module_preset=\u00bbdefault\u00bb form_field_text_color=\u00bb#FFFFFF\u00bb global_colors_info=\u00bb{}\u00bb][\/et_pb_contact_field][\/et_pb_contact_form][\/et_pb_column][\/et_pb_row][\/et_pb_section][et_pb_section fb_built=\u00bb1&#8243; admin_label=\u00bbsection\u00bb module_id=\u00bbtickets\u00bb _builder_version=\u00bb4.27.4&#8243; background_color=\u00bb#ec1c4e\u00bb background_enable_image=\u00bboff\u00bb background_size=\u00bbcontain\u00bb background_enable_video_mp4=\u00bboff\u00bb custom_padding=\u00bb3vw||3vw||true|false\u00bb bottom_divider_style=\u00bbwave\u00bb bottom_divider_color=\u00bbRGBA(255,255,255,0)\u00bb bottom_divider_height=\u00bb95%\u00bb bottom_divider_repeat=\u00bb1x\u00bb global_colors_info=\u00bb{}\u00bb][et_pb_row module_id=\u00bbticketsgood\u00bb _builder_version=\u00bb4.27.4&#8243; _module_preset=\u00bbdefault\u00bb width=\u00bb100%\u00bb max_width=\u00bb75%\u00bb custom_margin=\u00bb-30px||||false|false\u00bb custom_margin_tablet=\u00bb-30px||||false|false\u00bb custom_margin_phone=\u00bb-30px||||false|false\u00bb custom_margin_last_edited=\u00bbon|desktop\u00bb custom_padding=\u00bb1vw||1vw||true|false\u00bb global_colors_info=\u00bb{}\u00bb][et_pb_column type=\u00bb4_4&#8243; _builder_version=\u00bb4.27.4&#8243; _module_preset=\u00bbdefault\u00bb custom_padding=\u00bb1vw||1vw||true|false\u00bb global_colors_info=\u00bb{}\u00bb background__hover_enabled=\u00bbon|hover\u00bb background_color__hover=\u00bb\u00bb background_enable_color__hover=\u00bboff\u00bb][et_pb_text _builder_version=\u00bb4.27.4&#8243; _module_preset=\u00bbdefault\u00bb text_font=\u00bbArchivo|500|||||||\u00bb text_text_color=\u00bb#FFFFFF\u00bb text_font_size=\u00bb0.8vw\u00bb text_line_height=\u00bb0.3em\u00bb hover_enabled=\u00bb0&#8243; text_font_size_tablet=\u00bb2vw\u00bb text_font_size_phone=\u00bb4vw\u00bb text_font_size_last_edited=\u00bbon|desktop\u00bb global_colors_info=\u00bb{}\u00bb sticky_enabled=\u00bb0&#8243;]<\/p>\n<p style=\"text-align: center;\">Amb la col\u00b7laboraci\u00f3 de<\/p>\n<p>[\/et_pb_text][\/et_pb_column][\/et_pb_row][et_pb_row column_structure=\u00bb1_3,1_3,1_3&#8243; use_custom_gutter=\u00bbon\u00bb gutter_width=\u00bb1&#8243; _builder_version=\u00bb4.27.4&#8243; _module_preset=\u00bbdefault\u00bb global_colors_info=\u00bb{}\u00bb][et_pb_column type=\u00bb1_3&#8243; _builder_version=\u00bb4.27.4&#8243; _module_preset=\u00bbdefault\u00bb global_colors_info=\u00bb{}\u00bb][et_pb_image src=\u00bbhttps:\/\/www.bcnbarshow.com\/wp-content\/uploads\/2025\/08\/ajuntament.png\u00bb title_text=\u00bbajuntament\u00bb align=\u00bbright\u00bb _builder_version=\u00bb4.27.4&#8243; _module_preset=\u00bbdefault\u00bb width=\u00bb40%\u00bb width_tablet=\u00bb40%\u00bb width_phone=\u00bb40%\u00bb width_last_edited=\u00bbon|desktop\u00bb global_colors_info=\u00bb{}\u00bb][\/et_pb_image][\/et_pb_column][et_pb_column type=\u00bb1_3&#8243; _builder_version=\u00bb4.27.4&#8243; _module_preset=\u00bbdefault\u00bb global_colors_info=\u00bb{}\u00bb][et_pb_image src=\u00bbhttps:\/\/www.bcnbarshow.com\/wp-content\/uploads\/2025\/08\/SinFondo-2.png\u00bb title_text=\u00bbSinFondo-2&#8243; _builder_version=\u00bb4.27.4&#8243; _module_preset=\u00bbdefault\u00bb width=\u00bb45%\u00bb width_tablet=\u00bb45%\u00bb width_phone=\u00bb45%\u00bb width_last_edited=\u00bbon|desktop\u00bb module_alignment=\u00bbcenter\u00bb module_alignment_tablet=\u00bbcenter\u00bb module_alignment_phone=\u00bbcenter\u00bb module_alignment_last_edited=\u00bbon|desktop\u00bb global_colors_info=\u00bb{}\u00bb][\/et_pb_image][\/et_pb_column][et_pb_column type=\u00bb1_3&#8243; _builder_version=\u00bb4.27.4&#8243; _module_preset=\u00bbdefault\u00bb global_colors_info=\u00bb{}\u00bb][\/et_pb_column][\/et_pb_row][\/et_pb_section][et_pb_section fb_built=\u00bb1&#8243; _builder_version=\u00bb4.27.4&#8243; _module_preset=\u00bbdefault\u00bb background_color=\u00bb#000000&#8243; custom_margin=\u00bb||0px||false|false\u00bb custom_padding=\u00bb||0px||false|false\u00bb global_module=\u00bb118&#8243; saved_tabs=\u00bball\u00bb global_colors_info=\u00bb{}\u00bb][et_pb_row column_structure=\u00bb1_2,1_2&#8243; _builder_version=\u00bb4.27.4&#8243; _module_preset=\u00bbdefault\u00bb width=\u00bb100%\u00bb max_width=\u00bb75%\u00bb global_colors_info=\u00bb{}\u00bb][et_pb_column type=\u00bb1_2&#8243; _builder_version=\u00bb4.27.4&#8243; _module_preset=\u00bbdefault\u00bb global_colors_info=\u00bb{}\u00bb][et_pb_image src=\u00bbhttps:\/\/www.bcnbarshow.com\/wp-content\/uploads\/2025\/07\/LOGObbs.png\u00bb title_text=\u00bbLOGObbs\u00bb url=\u00bbhttps:\/\/www.bcnbarshow.com\/\u00bb _builder_version=\u00bb4.27.4&#8243; _module_preset=\u00bbdefault\u00bb width=\u00bb19%\u00bb width_tablet=\u00bb\u00bb width_phone=\u00bb40%\u00bb width_last_edited=\u00bbon|desktop\u00bb module_alignment_tablet=\u00bb\u00bb module_alignment_phone=\u00bbcenter\u00bb module_alignment_last_edited=\u00bbon|phone\u00bb global_colors_info=\u00bb{}\u00bb][\/et_pb_image][\/et_pb_column][et_pb_column type=\u00bb1_2&#8243; _builder_version=\u00bb4.27.4&#8243; _module_preset=\u00bbdefault\u00bb global_colors_info=\u00bb{}\u00bb][et_pb_icon font_icon=\u00bb&#xe09a;||divi||400&#8243; icon_color=\u00bb#FFFFFF\u00bb icon_width=\u00bb31px\u00bb url=\u00bbhttps:\/\/www.instagram.com\/barcelonabarshow\/\u00bb align=\u00bbright\u00bb align_tablet=\u00bb\u00bb align_phone=\u00bbcenter\u00bb align_last_edited=\u00bbon|phone\u00bb _builder_version=\u00bb4.27.4&#8243; _module_preset=\u00bbdefault\u00bb global_colors_info=\u00bb{}\u00bb][\/et_pb_icon][\/et_pb_column][\/et_pb_row][et_pb_row column_structure=\u00bb1_3,1_3,1_3&#8243; _builder_version=\u00bb4.27.4&#8243; _module_preset=\u00bbdefault\u00bb width=\u00bb100%\u00bb max_width=\u00bb75%\u00bb global_colors_info=\u00bb{}\u00bb][et_pb_column type=\u00bb1_3&#8243; _builder_version=\u00bb4.27.4&#8243; _module_preset=\u00bbdefault\u00bb global_colors_info=\u00bb{}\u00bb][et_pb_text content_tablet=\u00bb\u00bb content_phone=\u00bb<\/p>\n<p>\u00a0<\/p>\n<p style=\"%22text-align:\" center;%22><span style=\"%22color:\" #ffffff;%22><a href=\"\/ca\/%22https:\/\/www.bcnbarshow.com\/bbs\/%22\/\" style=\"%22color:\" #ffffff;%22>Qu\u00e8 \u00e9s BBS?<\/a><\/span><\/p>\n<p style=\"%22text-align:\" center;%22><span style=\"%22color:\" #ffffff;%22><a href=\"\/ca\/%22https:\/\/www.bcnbarshow.com\/programacio\/%22\/\" style=\"%22color:\" #ffffff;%22>Programaci\u00f3<\/a>n<\/span><\/p>\n<p style=\"%22text-align:\" center;%22><span style=\"%22color:\" #ffffff;%22><a href=\"\/ca\/%22https:\/\/www.bcnbarshow.com\/contacto\/%22\/\" style=\"%22color:\" #ffffff;%22>Contacte<\/a><\/span><\/p>\n<p style=\"%22text-align:\" center;%22><a href=\"\/ca\/%22https:\/\/www.bcnbarshow.com\/entrades\/%22\/\"><span style=\"%22color:\" #ffffff;%22>Entrades<\/span><\/a><\/p>\n<p>\u00a0<\/p>\n<p>\u00bb content_last_edited=\u00bbon|phone\u00bb _builder_version=\u00bb4.27.4\u2033 _module_preset=\u00bbdefault\u00bb text_font=\u00bbFitxer|500|||||||\u00bb text_text_color=&quot;#FFFFFF&quot; text_font_size=&quot;1vw&quot; text_line_height=&quot;0.3em&quot; custom_margin=&quot;||||false|false&quot; custom_padding_tablet=&quot;&quot; custom_padding_phone=&quot;0px||||false|false&quot; cus| text_font_size_tablet=\u00bb2vw\u00bb text_font_size_phone=\u00bb3vw\u00bb text_font_size_last_edited=\u00bbon|desktop\u00bb global_colors_info=\u00bb{}\u00bb]<\/p>\n<p style=\"text-align: left;\"><span style=\"color: #ffffff;\"><a href=\"https:\/\/www.bcnbarshow.com\/ca\/bbs\/\" style=\"color: #ffffff;\">Qu\u00e8 \u00e9s BBS?<\/a><\/span><\/p>\n<p style=\"text-align: left;\"><span style=\"color: #ffffff;\"><a href=\"https:\/\/www.bcnbarshow.com\/ca\/programacio\/\" style=\"color: #ffffff;\">Programaci\u00f3<\/a>n<\/span><\/p>\n<p style=\"text-align: left;\"><span style=\"color: #ffffff;\"><a href=\"https:\/\/www.bcnbarshow.com\/ca\/contacto\/\" style=\"color: #ffffff;\">Contacte<\/a><\/span><\/p>\n<p style=\"text-align: left;\"><a href=\"https:\/\/www.bcnbarshow.com\/ca\/entrades\/\"><span style=\"color: #ffffff;\">Entrades<\/span><\/a><\/p>\n<p>[\/et_pb_text][\/et_pb_column][et_pb_column type=\u00bb1_3\u2033 _builder_version=\u00bb4.27.4\u2033 _module_preset=\u00bbdefault\u00bb global_colors_info=\u00bb{}\u00bb][\/et_pb_column][et_pb_column type=\u00bb1_3\u2033. _module_preset=\u00bbdefault\u00bb global_colors_info=\u00bb{}\u00bb][et_pb_text content_tablet=\u00bb\u00bb content_phone=\u00bb<\/p>\n<p style=\"%22text-align:\" center;%22>Av\u00eds Legal<\/p>\n<p style=\"%22text-align:\" center;%22>Pol\u00edtica de Privadesa<\/p>\n<p style=\"%22text-align:\" center;%22>Pol\u00edtica de Cookies<\/p>\n<p>\u00bb content_last_edited=&quot;on|phone&quot; disabled_on=&quot;on|on|on&quot; _builder_version=&quot;4.27.4&quot; _module_preset=&quot;default&quot; text_font=&quot;Arxiu|500|||||||&quot; text_text_color=&quot;#FFFFFF&quot; text_font_size=&quot;1vw&quot; text_line_height=&quot;0.3em&quot; text_font_size_tablet=&quot;2vw&quot; text_font_size_phone=&quot;3vw&quot; text_font_size_last_edited=&quot;on_desktop&quot; disabled{<\/p>\n<p style=\"text-align: right;\">Av\u00eds Legal<\/p>\n<p style=\"text-align: right;\">Pol\u00edtica de Privadesa<\/p>\n<p style=\"text-align: right;\">Pol\u00edtica de Cookies<\/p>\n<p>[\/et_pb_text][\/et_pb_column][\/et_pb_row][\/et_pb_section]<\/p>","protected":false},"excerpt":{"rendered":"<p>\u00bfTienes alguna consulta? No dubtes en contactarnos. Te contestaremos lo antes posible.Con la colaboraci\u00f3n de\u00bfQu\u00e9 es BBS? Programaci\u00f3n Contacto EntradasAviso Legal Pol\u00edtica de Privacidad Pol\u00edtica de Cookies<\/p>","protected":false},"author":1,"featured_media":0,"parent":0,"menu_order":0,"comment_status":"closed","ping_status":"closed","template":"","meta":{"_et_pb_use_builder":"on","_et_pb_old_content":"","_et_gb_content_width":"","footnotes":""},"class_list":["post-209","page","type-page","status-publish","hentry"],"yoast_head":"<!-- This site is optimized with the Yoast SEO plugin v25.7 - https:\/\/yoast.com\/wordpress\/plugins\/seo\/ -->\n<title>CONTACTE - BBS 2025<\/title>\n<meta name=\"robots\" content=\"index, follow, max-snippet:-1, max-image-preview:large, max-video-preview:-1\" \/>\n<link rel=\"canonical\" href=\"https:\/\/www.bcnbarshow.com\/ca\/contacto\/\" \/>\n<meta property=\"og:locale\" content=\"ca_ES\" \/>\n<meta property=\"og:type\" content=\"article\" \/>\n<meta property=\"og:title\" content=\"CONTACTE - BBS 2025\" \/>\n<meta property=\"og:description\" content=\"\u00bfTienes alguna consulta? No dubtes en contactarnos. Te contestaremos lo antes posible.Con la colaboraci\u00f3n de\u00bfQu\u00e9 es BBS? Programaci\u00f3n Contacto EntradasAviso Legal Pol\u00edtica de Privacidad Pol\u00edtica de Cookies\" \/>\n<meta property=\"og:url\" content=\"https:\/\/www.bcnbarshow.com\/ca\/contacto\/\" \/>\n<meta property=\"og:site_name\" content=\"BBS 2025\" \/>\n<meta property=\"article:modified_time\" content=\"2025-08-14T13:57:15+00:00\" \/>\n<meta name=\"twitter:card\" content=\"summary_large_image\" \/>\n<meta name=\"twitter:label1\" content=\"Temps estimat de lectura\" \/>\n\t<meta name=\"twitter:data1\" content=\"10 minuts\" \/>\n<script type=\"application\/ld+json\" class=\"yoast-schema-graph\">{\"@context\":\"https:\/\/schema.org\",\"@graph\":[{\"@type\":\"WebPage\",\"@id\":\"https:\/\/www.bcnbarshow.com\/contacto\/\",\"url\":\"https:\/\/www.bcnbarshow.com\/contacto\/\",\"name\":\"CONTACTE - BBS 2025\",\"isPartOf\":{\"@id\":\"https:\/\/www.bcnbarshow.com\/#website\"},\"datePublished\":\"2025-08-05T17:17:02+00:00\",\"dateModified\":\"2025-08-14T13:57:15+00:00\",\"breadcrumb\":{\"@id\":\"https:\/\/www.bcnbarshow.com\/contacto\/#breadcrumb\"},\"inLanguage\":\"ca\",\"potentialAction\":[{\"@type\":\"ReadAction\",\"target\":[\"https:\/\/www.bcnbarshow.com\/contacto\/\"]}]},{\"@type\":\"BreadcrumbList\",\"@id\":\"https:\/\/www.bcnbarshow.com\/contacto\/#breadcrumb\",\"itemListElement\":[{\"@type\":\"ListItem\",\"position\":1,\"name\":\"Portada\",\"item\":\"https:\/\/www.bcnbarshow.com\/\"},{\"@type\":\"ListItem\",\"position\":2,\"name\":\"CONTACTE\"}]},{\"@type\":\"WebSite\",\"@id\":\"https:\/\/www.bcnbarshow.com\/#website\",\"url\":\"https:\/\/www.bcnbarshow.com\/\",\"name\":\"BBS 2025\",\"description\":\"BARCELONA BAR SHOW\",\"potentialAction\":[{\"@type\":\"SearchAction\",\"target\":{\"@type\":\"EntryPoint\",\"urlTemplate\":\"https:\/\/www.bcnbarshow.com\/?s={search_term_string}\"},\"query-input\":{\"@type\":\"PropertyValueSpecification\",\"valueRequired\":true,\"valueName\":\"search_term_string\"}}],\"inLanguage\":\"ca\"}]}<\/script>\n<!-- \/ Yoast SEO plugin. -->","yoast_head_json":{"title":"CONTACTE - BBS 2025","robots":{"index":"index","follow":"follow","max-snippet":"max-snippet:-1","max-image-preview":"max-image-preview:large","max-video-preview":"max-video-preview:-1"},"canonical":"https:\/\/www.bcnbarshow.com\/ca\/contacto\/","og_locale":"ca_ES","og_type":"article","og_title":"CONTACTE - BBS 2025","og_description":"\u00bfTienes alguna consulta? No dubtes en contactarnos. Te contestaremos lo antes posible.Con la colaboraci\u00f3n de\u00bfQu\u00e9 es BBS? Programaci\u00f3n Contacto EntradasAviso Legal Pol\u00edtica de Privacidad Pol\u00edtica de Cookies","og_url":"https:\/\/www.bcnbarshow.com\/ca\/contacto\/","og_site_name":"BBS 2025","article_modified_time":"2025-08-14T13:57:15+00:00","twitter_card":"summary_large_image","twitter_misc":{"Temps estimat de lectura":"10 minuts"},"schema":{"@context":"https:\/\/schema.org","@graph":[{"@type":"WebPage","@id":"https:\/\/www.bcnbarshow.com\/contacto\/","url":"https:\/\/www.bcnbarshow.com\/contacto\/","name":"CONTACTE - BBS 2025","isPartOf":{"@id":"https:\/\/www.bcnbarshow.com\/#website"},"datePublished":"2025-08-05T17:17:02+00:00","dateModified":"2025-08-14T13:57:15+00:00","breadcrumb":{"@id":"https:\/\/www.bcnbarshow.com\/contacto\/#breadcrumb"},"inLanguage":"ca","potentialAction":[{"@type":"ReadAction","target":["https:\/\/www.bcnbarshow.com\/contacto\/"]}]},{"@type":"BreadcrumbList","@id":"https:\/\/www.bcnbarshow.com\/contacto\/#breadcrumb","itemListElement":[{"@type":"ListItem","position":1,"name":"Portada","item":"https:\/\/www.bcnbarshow.com\/"},{"@type":"ListItem","position":2,"name":"CONTACTE"}]},{"@type":"WebSite","@id":"https:\/\/www.bcnbarshow.com\/#website","url":"https:\/\/www.bcnbarshow.com\/","name":"BBS 2025","description":"BARCELONA BAR SHOW","potentialAction":[{"@type":"SearchAction","target":{"@type":"EntryPoint","urlTemplate":"https:\/\/www.bcnbarshow.com\/?s={search_term_string}"},"query-input":{"@type":"PropertyValueSpecification","valueRequired":true,"valueName":"search_term_string"}}],"inLanguage":"ca"}]}},"_links":{"self":[{"href":"https:\/\/www.bcnbarshow.com\/ca\/wp-json\/wp\/v2\/pages\/209","targetHints":{"allow":["GET"]}}],"collection":[{"href":"https:\/\/www.bcnbarshow.com\/ca\/wp-json\/wp\/v2\/pages"}],"about":[{"href":"https:\/\/www.bcnbarshow.com\/ca\/wp-json\/wp\/v2\/types\/page"}],"author":[{"embeddable":true,"href":"https:\/\/www.bcnbarshow.com\/ca\/wp-json\/wp\/v2\/users\/1"}],"replies":[{"embeddable":true,"href":"https:\/\/www.bcnbarshow.com\/ca\/wp-json\/wp\/v2\/comments?post=209"}],"version-history":[{"count":0,"href":"https:\/\/www.bcnbarshow.com\/ca\/wp-json\/wp\/v2\/pages\/209\/revisions"}],"wp:attachment":[{"href":"https:\/\/www.bcnbarshow.com\/ca\/wp-json\/wp\/v2\/media?parent=209"}],"curies":[{"name":"wp","href":"https:\/\/api.w.org\/{rel}","templated":true}]}}