{"id":175,"date":"2025-08-05T14:05:11","date_gmt":"2025-08-05T14:05:11","guid":{"rendered":"http:\/\/localhost:10004\/?page_id=175"},"modified":"2025-12-11T12:38:17","modified_gmt":"2025-12-11T12:38:17","slug":"entrades","status":"publish","type":"page","link":"https:\/\/www.bcnbarshow.com\/en\/entrades\/","title":{"rendered":"TICKETS"},"content":{"rendered":"<p>[et_pb_section fb_built=\u00bb1&#8243; admin_label=\u00bbsection\u00bb module_id=\u00bbtickets\u00bb _builder_version=\u00bb4.27.4&#8243; background_color=\u00bb#ec1c4e\u00bb background_enable_image=\u00bboff\u00bb background_size=\u00bbcontain\u00bb background_enable_video_mp4=\u00bboff\u00bb custom_padding=\u00bb2vw||5vw||false|false\u00bb bottom_divider_style=\u00bbwave\u00bb bottom_divider_color=\u00bbRGBA(255,255,255,0)\u00bb bottom_divider_height=\u00bb95%\u00bb bottom_divider_repeat=\u00bb1x\u00bb global_colors_info=\u00bb{}\u00bb][et_pb_row _builder_version=\u00bb4.27.4&#8243; _module_preset=\u00bbdefault\u00bb width=\u00bb100%\u00bb max_width=\u00bb75%\u00bb global_colors_info=\u00bb{}\u00bb][et_pb_column type=\u00bb4_4&#8243; _builder_version=\u00bb4.27.4&#8243; _module_preset=\u00bbdefault\u00bb global_colors_info=\u00bb{}\u00bb][et_pb_image src=\u00bbhttps:\/\/www.bcnbarshow.com\/wp-content\/uploads\/2025\/08\/ticketstickets.jpg\u00bb title_text=\u00bbticketstickets\u00bb _builder_version=\u00bb4.27.4&#8243; _module_preset=\u00bbdefault\u00bb transform_scale_tablet=\u00bb\u00bb transform_scale_phone=\u00bb\u00bb transform_scale_last_edited=\u00bbon|desktop\u00bb transform_translate_tablet=\u00bb\u00bb transform_translate_phone=\u00bb\u00bb transform_translate_last_edited=\u00bbon|desktop\u00bb transform_rotate=\u00bb0deg|0deg|359deg\u00bb transform_rotate_tablet=\u00bb0deg|0deg|359deg\u00bb transform_rotate_phone=\u00bb0deg|0deg|359deg\u00bb transform_rotate_last_edited=\u00bbon|desktop\u00bb transform_skew_tablet=\u00bb\u00bb transform_skew_phone=\u00bb\u00bb transform_skew_last_edited=\u00bbon|desktop\u00bb transform_origin_tablet=\u00bb\u00bb transform_origin_phone=\u00bb\u00bb transform_origin_last_edited=\u00bbon|desktop\u00bb transform_styles_last_edited=\u00bbon|desktop\u00bb transform_styles_tablet=\u00bb\u00bb transform_styles_phone=\u00bb\u00bb global_colors_info=\u00bb{}\u00bb][\/et_pb_image][\/et_pb_column][\/et_pb_row][et_pb_row column_structure=\u00bb1_3,1_3,1_3&#8243; module_id=\u00bbticketsgood\u00bb _builder_version=\u00bb4.27.4&#8243; _module_preset=\u00bbdefault\u00bb width=\u00bb100%\u00bb max_width=\u00bb75%\u00bb custom_margin=\u00bb-30px||||false|false\u00bb custom_margin_tablet=\u00bb-30px||||false|false\u00bb custom_margin_phone=\u00bb-30px||||false|false\u00bb custom_margin_last_edited=\u00bbon|desktop\u00bb custom_padding=\u00bb1vw||1vw||true|false\u00bb global_colors_info=\u00bb{}\u00bb][et_pb_column type=\u00bb1_3&#8243; _builder_version=\u00bb4.27.4&#8243; _module_preset=\u00bbdefault\u00bb custom_padding=\u00bb1vw||1vw||true|false\u00bb global_colors_info=\u00bb{}\u00bb background__hover_enabled=\u00bbon|hover\u00bb background_color__hover=\u00bb#f8991d\u00bb background_enable_color__hover=\u00bbon\u00bb][et_pb_image src=\u00bbhttps:\/\/www.bcnbarshow.com\/wp-content\/uploads\/2025\/08\/entradas1.jpg\u00bb title_text=\u00bbentradas1&#8243; _builder_version=\u00bb4.27.4&#8243; _module_preset=\u00bbdefault\u00bb width=\u00bb80%\u00bb width_tablet=\u00bb80%\u00bb width_phone=\u00bb60%\u00bb width_last_edited=\u00bbon|desktop\u00bb module_alignment=\u00bbcenter\u00bb module_alignment_tablet=\u00bbcenter\u00bb module_alignment_phone=\u00bbcenter\u00bb module_alignment_last_edited=\u00bbon|desktop\u00bb global_colors_info=\u00bb{}\u00bb][\/et_pb_image][et_pb_text _builder_version=\u00bb4.27.4&#8243; _module_preset=\u00bbdefault\u00bb text_font=\u00bbArchivo|500|||||||\u00bb text_text_color=\u00bb#FFFFFF\u00bb text_font_size=\u00bb1vw\u00bb text_line_height=\u00bb0.3em\u00bb custom_margin=\u00bb||1vw||false|false\u00bb custom_margin_tablet=\u00bb||1vw||false|false\u00bb custom_margin_phone=\u00bb||3vw||false|false\u00bb custom_margin_last_edited=\u00bbon|phone\u00bb custom_padding=\u00bb||1vw||false|false\u00bb custom_padding_tablet=\u00bb||1vw||false|false\u00bb custom_padding_phone=\u00bb||3vw||false|false\u00bb custom_padding_last_edited=\u00bbon|phone\u00bb hover_enabled=\u00bb0&#8243; text_font_size_tablet=\u00bb2vw\u00bb text_font_size_phone=\u00bb4vw\u00bb text_font_size_last_edited=\u00bbon|desktop\u00bb border_width_bottom=\u00bb3px\u00bb border_color_bottom=\u00bb#FFFFFF\u00bb border_width_bottom_tablet=\u00bb3px\u00bb border_width_bottom_phone=\u00bb3px\u00bb border_width_bottom_last_edited=\u00bbon|phone\u00bb global_colors_info=\u00bb{}\u00bb sticky_enabled=\u00bb0&#8243;]<\/p>\n<p style=\"text-align: center;\"><strong>Entrada Gratuita<\/strong><\/p>\n<p>[\/et_pb_text][et_pb_text _builder_version=\u00bb4.27.4&#8243; _module_preset=\u00bbdefault\u00bb text_font=\u00bbArchivo|500|||||||\u00bb text_text_color=\u00bb#FFFFFF\u00bb text_font_size=\u00bb1vw\u00bb text_line_height=\u00bb0.3em\u00bb text_font_size_tablet=\u00bb2vw\u00bb text_font_size_phone=\u00bb3vw\u00bb text_font_size_last_edited=\u00bbon|desktop\u00bb global_colors_info=\u00bb{}\u00bb]<\/p>\n<p data-start=\"0\" data-end=\"41\" style=\"text-align: center;\">Ticket valid for the selected day<\/p>\n<p data-start=\"43\" data-end=\"89\" style=\"text-align: center;\">Choose the day and time slot of your choice<\/p>\n<p data-start=\"140\" data-end=\"160\" data-is-last-node=\"\" data-is-only-node=\"\" style=\"text-align: center;\">[\/et_pb_text][\/et_pb_column][et_pb_column type=\u00bb1_3&#8243; _builder_version=\u00bb4.27.4&#8243; _module_preset=\u00bbdefault\u00bb custom_padding=\u00bb1vw||1vw||true|false\u00bb global_colors_info=\u00bb{}\u00bb background_color__hover=\u00bb#f8991d\u00bb background__hover_enabled=\u00bbon|hover\u00bb background_enable_color__hover=\u00bbon\u00bb][\/et_pb_column][et_pb_column type=\u00bb1_3&#8243; _builder_version=\u00bb4.27.4&#8243; _module_preset=\u00bbdefault\u00bb custom_padding=\u00bb1vw||1vw||true|false\u00bb global_colors_info=\u00bb{}\u00bb background_color__hover=\u00bb#f8991d\u00bb background__hover_enabled=\u00bbon|hover\u00bb background_enable_color__hover=\u00bbon\u00bb][\/et_pb_column][\/et_pb_row][\/et_pb_section][et_pb_section fb_built=\u00bb1&#8243; _builder_version=\u00bb4.27.4&#8243; _module_preset=\u00bbdefault\u00bb background_color=\u00bb#000000&#8243; custom_margin=\u00bb||0px||false|false\u00bb custom_padding=\u00bb||0px||false|false\u00bb global_module=\u00bb118&#8243; saved_tabs=\u00bball\u00bb global_colors_info=\u00bb{}\u00bb][et_pb_row column_structure=\u00bb1_2,1_2&#8243; _builder_version=\u00bb4.27.4&#8243; _module_preset=\u00bbdefault\u00bb width=\u00bb100%\u00bb max_width=\u00bb75%\u00bb global_colors_info=\u00bb{}\u00bb][et_pb_column type=\u00bb1_2&#8243; _builder_version=\u00bb4.27.4&#8243; _module_preset=\u00bbdefault\u00bb global_colors_info=\u00bb{}\u00bb][et_pb_image src=\u00bbhttps:\/\/www.bcnbarshow.com\/wp-content\/uploads\/2025\/07\/LOGObbs.png\u00bb title_text=\u00bbLOGObbs\u00bb url=\u00bbhttps:\/\/www.bcnbarshow.com\/\u00bb _builder_version=\u00bb4.27.4&#8243; _module_preset=\u00bbdefault\u00bb width=\u00bb19%\u00bb width_tablet=\u00bb\u00bb width_phone=\u00bb40%\u00bb width_last_edited=\u00bbon|desktop\u00bb module_alignment_tablet=\u00bb\u00bb module_alignment_phone=\u00bbcenter\u00bb module_alignment_last_edited=\u00bbon|phone\u00bb global_colors_info=\u00bb{}\u00bb][\/et_pb_image][\/et_pb_column][et_pb_column type=\u00bb1_2&#8243; _builder_version=\u00bb4.27.4&#8243; _module_preset=\u00bbdefault\u00bb global_colors_info=\u00bb{}\u00bb][et_pb_icon font_icon=\u00bb&#xe09a;||divi||400&#8243; icon_color=\u00bb#FFFFFF\u00bb icon_width=\u00bb31px\u00bb url=\u00bbhttps:\/\/www.instagram.com\/barcelonabarshow\/\u00bb align=\u00bbright\u00bb align_tablet=\u00bb\u00bb align_phone=\u00bbcenter\u00bb align_last_edited=\u00bbon|phone\u00bb _builder_version=\u00bb4.27.4&#8243; _module_preset=\u00bbdefault\u00bb global_colors_info=\u00bb{}\u00bb][\/et_pb_icon][\/et_pb_column][\/et_pb_row][et_pb_row column_structure=\u00bb1_3,1_3,1_3&#8243; _builder_version=\u00bb4.27.4&#8243; _module_preset=\u00bbdefault\u00bb width=\u00bb100%\u00bb max_width=\u00bb75%\u00bb global_colors_info=\u00bb{}\u00bb][et_pb_column type=\u00bb1_3&#8243; _builder_version=\u00bb4.27.4&#8243; _module_preset=\u00bbdefault\u00bb global_colors_info=\u00bb{}\u00bb][et_pb_text content_tablet=\u00bb\u00bb content_phone=\u00bb<\/p>\n<\/p>\n<p style=\"%22text-align:\" center;%22><span style=\"%22color:\" #ffffff;%22><a href=\"\/en\/%22https:\/\/www.bcnbarshow.com\/bbs\/%22\/\" style=\"%22color:\" #ffffff;%22>What is BBS?<\/a><\/span><\/p>\n<p style=\"%22text-align:\" center;%22><span style=\"%22color:\" #ffffff;%22><a href=\"\/en\/%22https:\/\/www.bcnbarshow.com\/programacio\/%22\/\" style=\"%22color:\" #ffffff;%22>Programming<\/a>n<\/span><\/p>\n<p style=\"%22text-align:\" center;%22><span style=\"%22color:\" #ffffff;%22><a href=\"\/en\/%22https:\/\/www.bcnbarshow.com\/contacto\/%22\/\" style=\"%22color:\" #ffffff;%22>Contact<\/a><\/span><\/p>\n<p style=\"%22text-align:\" center;%22><a href=\"\/en\/%22https:\/\/www.bcnbarshow.com\/entrades\/%22\/\"><span style=\"%22color:\" #ffffff;%22>Tickets<\/span><\/a><\/p>\n<\/p>\n<p>\u00bb content_last_edited=\u00bbon|phone\u00bb _builder_version=\u00bb4.27.4&#8243; _module_preset=\u00bbdefault\u00bb text_font=\u00bbArchivo|500|||||||\u00bb text_text_color=\u00bb#FFFFFF\u00bb text_font_size=\u00bb1vw\u00bb text_line_height=\u00bb0.3em\u00bb custom_margin=\u00bb||||false|false\u00bb custom_padding_tablet=\u00bb\u00bb custom_padding_phone=\u00bb0px||||false|false\u00bb custom_padding_last_edited=\u00bbon|phone\u00bb text_font_size_tablet=\u00bb2vw\u00bb text_font_size_phone=\u00bb3vw\u00bb text_font_size_last_edited=\u00bbon|desktop\u00bb global_colors_info=\u00bb{}\u00bb]<\/p>\n<p style=\"text-align: left;\"><span style=\"color: #ffffff;\"><a href=\"https:\/\/www.bcnbarshow.com\/en\/bbs\/\" style=\"color: #ffffff;\">What is BBS?<\/a><\/span><\/p>\n<p style=\"text-align: left;\"><span style=\"color: #ffffff;\"><a href=\"https:\/\/www.bcnbarshow.com\/en\/programacio\/\" style=\"color: #ffffff;\">Programming<\/a>n<\/span><\/p>\n<p style=\"text-align: left;\"><span style=\"color: #ffffff;\"><a href=\"https:\/\/www.bcnbarshow.com\/en\/contacto\/\" style=\"color: #ffffff;\">Contact<\/a><\/span><\/p>\n<p style=\"text-align: left;\"><a href=\"https:\/\/www.bcnbarshow.com\/en\/entrades\/\"><span style=\"color: #ffffff;\">Tickets<\/span><\/a><\/p>\n<p>[\/et_pb_text][\/et_pb_column][et_pb_column type=\u00bb1_3&#8243; _builder_version=\u00bb4.27.4&#8243; _module_preset=\u00bbdefault\u00bb global_colors_info=\u00bb{}\u00bb][\/et_pb_column][et_pb_column type=\u00bb1_3&#8243; _builder_version=\u00bb4.27.4&#8243; _module_preset=\u00bbdefault\u00bb global_colors_info=\u00bb{}\u00bb][et_pb_text content_tablet=\u00bb\u00bb content_phone=\u00bb<\/p>\n<p style=\"%22text-align:\" center;%22>Aviso Legal<\/p>\n<p style=\"%22text-align:\" center;%22>Pol\u00edtica de Privacidad<\/p>\n<p style=\"%22text-align:\" center;%22>Pol\u00edtica de Cookies<\/p>\n<p>\u00bb content_last_edited=\u00bbon|phone\u00bb disabled_on=\u00bbon|on|on\u00bb _builder_version=\u00bb4.27.4&#8243; _module_preset=\u00bbdefault\u00bb text_font=\u00bbArchivo|500|||||||\u00bb text_text_color=\u00bb#FFFFFF\u00bb text_font_size=\u00bb1vw\u00bb text_line_height=\u00bb0.3em\u00bb text_font_size_tablet=\u00bb2vw\u00bb text_font_size_phone=\u00bb3vw\u00bb text_font_size_last_edited=\u00bbon|desktop\u00bb disabled=\u00bbon\u00bb global_colors_info=\u00bb{}\u00bb]<\/p>\n<p style=\"text-align: right;\">Aviso Legal<\/p>\n<p style=\"text-align: right;\">Pol\u00edtica de Privacidad<\/p>\n<p style=\"text-align: right;\">Pol\u00edtica de Cookies<\/p>\n<p>[\/et_pb_text][\/et_pb_column][\/et_pb_row][\/et_pb_section]<\/p>","protected":false},"excerpt":{"rendered":"<p>Entrada GratuitaEntrada v\u00e1lida para el d\u00eda seleccionado Elige el d\u00eda y la franja horaria que quieras \u00bfQu\u00e9 es BBS? Programaci\u00f3n Contacto EntradasAviso Legal Pol\u00edtica de Privacidad Pol\u00edtica de Cookies<\/p>","protected":false},"author":1,"featured_media":0,"parent":0,"menu_order":0,"comment_status":"closed","ping_status":"closed","template":"","meta":{"_et_pb_use_builder":"on","_et_pb_old_content":"","_et_gb_content_width":"","footnotes":""},"class_list":["post-175","page","type-page","status-publish","hentry"],"yoast_head":"<!-- This site is optimized with the Yoast SEO plugin v25.7 - https:\/\/yoast.com\/wordpress\/plugins\/seo\/ -->\n<title>ENTRADES - BBS 2025<\/title>\n<meta name=\"robots\" content=\"index, follow, max-snippet:-1, max-image-preview:large, max-video-preview:-1\" \/>\n<link rel=\"canonical\" href=\"https:\/\/www.bcnbarshow.com\/en\/entrades\/\" \/>\n<meta property=\"og:locale\" content=\"en_GB\" \/>\n<meta property=\"og:type\" content=\"article\" \/>\n<meta property=\"og:title\" content=\"ENTRADES - BBS 2025\" \/>\n<meta property=\"og:description\" content=\"Entrada GratuitaEntrada v\u00e1lida para el d\u00eda seleccionado Elige el d\u00eda y la franja horaria que quieras \u00bfQu\u00e9 es BBS? Programaci\u00f3n Contacto EntradasAviso Legal Pol\u00edtica de Privacidad Pol\u00edtica de Cookies\" \/>\n<meta property=\"og:url\" content=\"https:\/\/www.bcnbarshow.com\/en\/entrades\/\" \/>\n<meta property=\"og:site_name\" content=\"BBS 2025\" \/>\n<meta property=\"article:modified_time\" content=\"2025-12-11T12:38:17+00:00\" \/>\n<meta name=\"twitter:card\" content=\"summary_large_image\" \/>\n<meta name=\"twitter:label1\" content=\"Estimated reading time\" \/>\n\t<meta name=\"twitter:data1\" content=\"5 minutes\" \/>\n<script type=\"application\/ld+json\" class=\"yoast-schema-graph\">{\"@context\":\"https:\/\/schema.org\",\"@graph\":[{\"@type\":\"WebPage\",\"@id\":\"https:\/\/www.bcnbarshow.com\/entrades\/\",\"url\":\"https:\/\/www.bcnbarshow.com\/entrades\/\",\"name\":\"ENTRADES - BBS 2025\",\"isPartOf\":{\"@id\":\"https:\/\/www.bcnbarshow.com\/#website\"},\"datePublished\":\"2025-08-05T14:05:11+00:00\",\"dateModified\":\"2025-12-11T12:38:17+00:00\",\"breadcrumb\":{\"@id\":\"https:\/\/www.bcnbarshow.com\/entrades\/#breadcrumb\"},\"inLanguage\":\"en-GB\",\"potentialAction\":[{\"@type\":\"ReadAction\",\"target\":[\"https:\/\/www.bcnbarshow.com\/entrades\/\"]}]},{\"@type\":\"BreadcrumbList\",\"@id\":\"https:\/\/www.bcnbarshow.com\/entrades\/#breadcrumb\",\"itemListElement\":[{\"@type\":\"ListItem\",\"position\":1,\"name\":\"Portada\",\"item\":\"https:\/\/www.bcnbarshow.com\/\"},{\"@type\":\"ListItem\",\"position\":2,\"name\":\"ENTRADES\"}]},{\"@type\":\"WebSite\",\"@id\":\"https:\/\/www.bcnbarshow.com\/#website\",\"url\":\"https:\/\/www.bcnbarshow.com\/\",\"name\":\"BBS 2025\",\"description\":\"BARCELONA BAR SHOW\",\"potentialAction\":[{\"@type\":\"SearchAction\",\"target\":{\"@type\":\"EntryPoint\",\"urlTemplate\":\"https:\/\/www.bcnbarshow.com\/?s={search_term_string}\"},\"query-input\":{\"@type\":\"PropertyValueSpecification\",\"valueRequired\":true,\"valueName\":\"search_term_string\"}}],\"inLanguage\":\"en-GB\"}]}<\/script>\n<!-- \/ Yoast SEO plugin. -->","yoast_head_json":{"title":"ENTRADES - BBS 2025","robots":{"index":"index","follow":"follow","max-snippet":"max-snippet:-1","max-image-preview":"max-image-preview:large","max-video-preview":"max-video-preview:-1"},"canonical":"https:\/\/www.bcnbarshow.com\/en\/entrades\/","og_locale":"en_GB","og_type":"article","og_title":"ENTRADES - BBS 2025","og_description":"Entrada GratuitaEntrada v\u00e1lida para el d\u00eda seleccionado Elige el d\u00eda y la franja horaria que quieras \u00bfQu\u00e9 es BBS? Programaci\u00f3n Contacto EntradasAviso Legal Pol\u00edtica de Privacidad Pol\u00edtica de Cookies","og_url":"https:\/\/www.bcnbarshow.com\/en\/entrades\/","og_site_name":"BBS 2025","article_modified_time":"2025-12-11T12:38:17+00:00","twitter_card":"summary_large_image","twitter_misc":{"Estimated reading time":"5 minutes"},"schema":{"@context":"https:\/\/schema.org","@graph":[{"@type":"WebPage","@id":"https:\/\/www.bcnbarshow.com\/entrades\/","url":"https:\/\/www.bcnbarshow.com\/entrades\/","name":"ENTRADES - BBS 2025","isPartOf":{"@id":"https:\/\/www.bcnbarshow.com\/#website"},"datePublished":"2025-08-05T14:05:11+00:00","dateModified":"2025-12-11T12:38:17+00:00","breadcrumb":{"@id":"https:\/\/www.bcnbarshow.com\/entrades\/#breadcrumb"},"inLanguage":"en-GB","potentialAction":[{"@type":"ReadAction","target":["https:\/\/www.bcnbarshow.com\/entrades\/"]}]},{"@type":"BreadcrumbList","@id":"https:\/\/www.bcnbarshow.com\/entrades\/#breadcrumb","itemListElement":[{"@type":"ListItem","position":1,"name":"Portada","item":"https:\/\/www.bcnbarshow.com\/"},{"@type":"ListItem","position":2,"name":"ENTRADES"}]},{"@type":"WebSite","@id":"https:\/\/www.bcnbarshow.com\/#website","url":"https:\/\/www.bcnbarshow.com\/","name":"BBS 2025","description":"BARCELONA BAR SHOW","potentialAction":[{"@type":"SearchAction","target":{"@type":"EntryPoint","urlTemplate":"https:\/\/www.bcnbarshow.com\/?s={search_term_string}"},"query-input":{"@type":"PropertyValueSpecification","valueRequired":true,"valueName":"search_term_string"}}],"inLanguage":"en-GB"}]}},"_links":{"self":[{"href":"https:\/\/www.bcnbarshow.com\/en\/wp-json\/wp\/v2\/pages\/175","targetHints":{"allow":["GET"]}}],"collection":[{"href":"https:\/\/www.bcnbarshow.com\/en\/wp-json\/wp\/v2\/pages"}],"about":[{"href":"https:\/\/www.bcnbarshow.com\/en\/wp-json\/wp\/v2\/types\/page"}],"author":[{"embeddable":true,"href":"https:\/\/www.bcnbarshow.com\/en\/wp-json\/wp\/v2\/users\/1"}],"replies":[{"embeddable":true,"href":"https:\/\/www.bcnbarshow.com\/en\/wp-json\/wp\/v2\/comments?post=175"}],"version-history":[{"count":0,"href":"https:\/\/www.bcnbarshow.com\/en\/wp-json\/wp\/v2\/pages\/175\/revisions"}],"wp:attachment":[{"href":"https:\/\/www.bcnbarshow.com\/en\/wp-json\/wp\/v2\/media?parent=175"}],"curies":[{"name":"wp","href":"https:\/\/api.w.org\/{rel}","templated":true}]}}